{"id":1317,"date":"2024-10-22T15:03:52","date_gmt":"2024-10-22T15:03:52","guid":{"rendered":"http:\/\/attarsl.com\/home\/"},"modified":"2025-12-02T15:39:18","modified_gmt":"2025-12-02T15:39:18","slug":"home","status":"publish","type":"page","link":"http:\/\/attarsl.com\/es\/","title":{"rendered":"Inicio"},"content":{"rendered":"<div class=\"wp-block-uagb-container uagb-block-b4bdb975 alignfull uagb-is-root-container\"><div class=\"uagb-container-inner-blocks-wrap\">\n<div class=\"wp-block-uagb-info-box uagb-block-3b7e0e21 uagb-infobox__content-wrap  uagb-infobox-icon-above-title uagb-infobox-image-valign-top\"><div class=\"uagb-ifb-content\"><div class=\"uagb-ifb-title-wrap\"><h5 class=\"uagb-ifb-title-prefix\">INGENIER\u00cdA, DISE\u00d1O Y CONSTRUCCI\u00d3N<\/h5><h1 class=\"uagb-ifb-title\">Elevando la Ingenier\u00eda a Nuevas Alturas<\/h1><\/div><div class=\"uagb-ifb-button-wrapper wp-block-button\"><a href=\"http:\/\/attarsl.com\/es\/contact\/\" class=\"uagb-infobox-cta-link wp-block-button__link\" target=\"_blank\" rel=\"noopener noreferrer\" onclick=\"return true;\"><span class=\"uagb-inline-editing\">CONT\u00c1CTANOS<\/span><\/a><\/div><\/div><\/div>\n\n\n      \n\t\t\t<div class=\"uagb-icon-wrapper uagb-block-62f0ec94\"\n\t\t\tstyle=\"\" >\n\t\t\t\t\t\t\t\t\t<span class=\"uagb-svg-wrapper\" \n\t\t\t\t\t aria-label=\"down-long\"\t\t\t\t\ttabindex=\"0\">\t\t\n\t\t\t\t\t\t\t\t\t\t<svg xmlns=\"https:\/\/www.w3.org\/2000\/svg\" viewbox= \"0 0 320 512\" role=\"graphics-symbol\" aria-hidden=\"false\" aria-label=\"\"><path d=\"M281.6 392.3l-104 112.1c-9.498 10.24-25.69 10.24-35.19 0l-104-112.1c-6.484-6.992-8.219-17.18-4.404-25.94c3.811-8.758 12.45-14.42 21.1-14.42H128V32c0-17.69 14.33-32 32-32S192 14.31 192 32v319.9h72c9.547 0 18.19 5.66 22 14.42C289.8 375.1 288.1 385.3 281.6 392.3z\"><\/path><\/svg>\n\t\t\t\t\t\t\t\t\t<\/span>\n\t\t\t\t\t\t\t<\/div>\n\t\t\t<\/div><\/div>\n\n\n\n<div class=\"wp-block-uagb-container uagb-block-a9605dcc alignfull uagb-is-root-container\"><div class=\"uagb-container-inner-blocks-wrap\">\n<div class=\"wp-block-uagb-info-box uagb-block-04f073f9 uagb-infobox__content-wrap  uagb-infobox-icon-above-title uagb-infobox-image-valign-top\"><div class=\"uagb-ifb-content\"><div class=\"uagb-ifb-title-wrap\"><h5 class=\"uagb-ifb-title-prefix\">Sobre Nosotros<\/h5><h2 class=\"uagb-ifb-title\">D\u00e9cadas de excelencia en construcci\u00f3n, ofreciendo calidad en su m\u00e1ximo nivel.<\/h2><\/div><p class=\"uagb-ifb-desc\">En Attar, nos motiva el compromiso de afrontar dos retos fundamentales de la industria: la escasez de mano de obra cualificada y la demanda de experiencia en ingenier\u00eda especializada. <br><br>Con una s\u00f3lida base de experiencia y un enfoque colaborativo, ofrecemos soluciones eficientes y de alta calidad, adaptadas a las demandas espec\u00edficas de proyectos de construcci\u00f3n y mantenimiento a peque\u00f1a escala.<\/p><div class=\"uagb-ifb-button-wrapper wp-block-button\"><a href=\"http:\/\/attarsl.com\/es\/about\/\" class=\"uagb-infobox-cta-link wp-block-button__link\" target=\"_blank\" rel=\"noopener noreferrer\" onclick=\"return true;\"><span class=\"uagb-inline-editing\">+ INFORMACI\u00d3N<\/span><\/a><\/div><\/div><\/div>\n<\/div><\/div>\n\n\n\n<div class=\"wp-block-uagb-container uagb-layout-grid uagb-block-00d4defe alignfull uagb-is-root-container\"><div class=\"uagb-container-inner-blocks-wrap\">\n<div class=\"wp-block-uagb-container uagb-block-0ff6e26b\">\n<div class=\"wp-block-uagb-info-box uagb-block-a18047a9 uagb-infobox__content-wrap  uagb-infobox-icon-above-title uagb-infobox-image-valign-top\"><div class=\"uagb-ifb-content\"><div class=\"uagb-ifb-title-wrap\"><h5 class=\"uagb-ifb-title-prefix\">ATTAR<\/h5><h3 class=\"uagb-ifb-title\">Nuestras Principales Capacidades<\/h3><\/div><div class=\"uagb-ifb-separator\"><\/div><\/div><\/div>\n\n\n\n<div class=\"wp-block-uagb-info-box uagb-block-65e4fed4 uagb-infobox__content-wrap  uagb-infobox-icon-above-title uagb-infobox-image-valign-top\"><div class=\"uagb-ifb-content\"><div class=\"uagb-ifb-title-wrap\"><h4 class=\"uagb-ifb-title\">Consultor\u00eda<\/h4><\/div><p class=\"uagb-ifb-desc\">Servicios integrales de consultor\u00eda, asesoramiento t\u00e9cnico y gesti\u00f3n de proyectos para el dise\u00f1o, desarrollo y optimizaci\u00f3n de instalaciones industriales e infraestructuras.<\/p><div class=\"uagb-ifb-separator\"><\/div><\/div><\/div>\n\n\n\n<div class=\"wp-block-uagb-info-box uagb-block-354ed25d uagb-infobox__content-wrap  uagb-infobox-icon-above-title uagb-infobox-image-valign-top\"><div class=\"uagb-ifb-content\"><div class=\"uagb-ifb-title-wrap\"><h4 class=\"uagb-ifb-title\">Ingenier\u00eda<\/h4><\/div><p class=\"uagb-ifb-desc\">Consultor\u00eda en ingenier\u00eda, experiencia t\u00e9cnica y soporte para el dise\u00f1o, desarrollo y optimizaci\u00f3n de sistemas industriales complejos e infraestructuras.<\/p><div class=\"uagb-ifb-separator\"><\/div><\/div><\/div>\n\n\n\n<div class=\"wp-block-uagb-info-box uagb-block-fc1767b4 uagb-infobox__content-wrap  uagb-infobox-icon-above-title uagb-infobox-image-valign-top\"><div class=\"uagb-ifb-content\"><div class=\"uagb-ifb-title-wrap\"><h4 class=\"uagb-ifb-title\">Construcci\u00f3n<\/h4><\/div><p class=\"uagb-ifb-desc\">Servicios especializados de asesoramiento en construcci\u00f3n, con coordinaci\u00f3n de proyectos y conocimientos t\u00e9cnicos para garantizar la planificaci\u00f3n, ejecuci\u00f3n y mejora efectiva de desarrollos industriales e infraestructuras.<\/p><div class=\"uagb-ifb-separator\"><\/div><\/div><\/div>\n\n\n\n<div class=\"wp-block-uagb-info-box uagb-block-7006b63e uagb-infobox__content-wrap  uagb-infobox-icon-above-title uagb-infobox-image-valign-top\"><div class=\"uagb-ifb-content\"><div class=\"uagb-ifb-title-wrap\"><h4 class=\"uagb-ifb-title\">Trabajos Verticales<\/h4><\/div><p class=\"uagb-ifb-desc\">Servicios profesionales de acceso por cuerda, que ofrecen soluciones seguras y eficientes para la inspecci\u00f3n, mantenimiento y reparaci\u00f3n en ubicaciones desafiantes o de dif\u00edcil acceso.<\/p><\/div><\/div>\n<\/div>\n\n\n\n<div class=\"wp-block-uagb-info-box uagb-block-038e4f59 uagb-infobox__content-wrap  uagb-infobox-icon-above-title uagb-infobox-image-valign-top\"><div class=\"uagb-ifb-content\"><div class=\"uagb-ifb-title-wrap\"><h2 class=\"uagb-ifb-title\">El \u00fanico lugar donde encontrar\u00e1s la soluci\u00f3n perfecta para todas las necesidades de tu sector.<\/h2><\/div><div class=\"uagb-ifb-button-wrapper wp-block-button\"><a href=\"http:\/\/attarsl.com\/es\/products\/\" class=\"uagb-infobox-cta-link wp-block-button__link\" target=\"_blank\" rel=\"noopener noreferrer\" onclick=\"return true;\"><span class=\"uagb-inline-editing\">SERVICIOS<\/span><\/a><\/div><\/div><\/div>\n<\/div><\/div>\n\n\n\n<div class=\"wp-block-uagb-container uagb-block-2658a530 alignfull uagb-is-root-container\"><div class=\"uagb-container-inner-blocks-wrap\">\n<div class=\"wp-block-uagb-info-box uagb-block-4fcae268 uagb-infobox__content-wrap  uagb-infobox-icon-above-title uagb-infobox-image-valign-top\"><div class=\"uagb-ifb-content\"><div class=\"uagb-ifb-title-wrap\"><h5 class=\"uagb-ifb-title-prefix\">Nuestro Enfoque Principal<\/h5><h2 class=\"uagb-ifb-title\">Industrias a las que Servimos<\/h2><\/div><\/div><\/div>\n\n\n\n<div class=\"wp-block-uagb-container uagb-block-51af8b82\">\n<div class=\"wp-block-uagb-info-box uagb-block-f5073bc7 uagb-infobox__content-wrap  uagb-infobox-icon-above-title uagb-infobox-image-valign-top\"><div class=\"uagb-ifb-content\"><div class=\"uagb-ifb-image-content\"><img loading=\"lazy\" decoding=\"async\" src=\"http:\/\/attarsl.com\/wp-content\/uploads\/2024\/11\/1-2-240x300.png\" alt=\"\" width=\"468\" height=\"585\"\/><\/div><div class=\"uagb-ifb-title-wrap\"><h4 class=\"uagb-ifb-title\">Trabajos Industriales<\/h4><\/div><\/div><\/div>\n\n\n\n<div class=\"wp-block-uagb-info-box uagb-block-8366a9c1 uagb-infobox__content-wrap  uagb-infobox-icon-above-title uagb-infobox-image-valign-top\"><div class=\"uagb-ifb-content\"><div class=\"uagb-ifb-image-content\"><img decoding=\"async\" src=\"http:\/\/attarsl.com\/wp-content\/uploads\/2024\/11\/2-2.png\" alt=\"\" width=\"\" height=\"0\" loading=\"lazy\"\/><\/div><div class=\"uagb-ifb-title-wrap\"><h4 class=\"uagb-ifb-title\">Obras Civiles<\/h4><\/div><\/div><\/div>\n\n\n\n<div class=\"wp-block-uagb-info-box uagb-block-f9a76582 uagb-infobox__content-wrap  uagb-infobox-icon-above-title uagb-infobox-image-valign-top\"><div class=\"uagb-ifb-content\"><div class=\"uagb-ifb-image-content\"><img decoding=\"async\" src=\"http:\/\/attarsl.com\/wp-content\/uploads\/2024\/11\/3-2.png\" alt=\"\" width=\"\" height=\"0\" loading=\"lazy\"\/><\/div><div class=\"uagb-ifb-title-wrap\"><h4 class=\"uagb-ifb-title\">Monumentos y Edificios Hist\u00f3ricos<\/h4><\/div><\/div><\/div>\n<\/div>\n<\/div><\/div>\n\n\n\n<div class=\"wp-block-uagb-container uagb-layout-flex uagb-block-af5df69f alignfull uagb-is-root-container\"><div class=\"uagb-container-inner-blocks-wrap\">\n<div class=\"wp-block-uagb-call-to-action uagb-block-d83192c0 wp-block-button\"><div class=\"uagb-cta__wrap\"><h3 class=\"uagb-cta__title\">\u00bfNecesitas ayuda con soluciones industriales m\u00e1s eficientes? \u00a1Somos expertos!<\/h3><p class=\"uagb-cta__desc\">Click here to change this text. Lorem ipsum dolor sit amet, consectetur adipiscing elit. Ut elit tellus, luctus nec ullamcorper mattis, pulvinar dapibus leo.<\/p><\/div><div class=\"uagb-cta__buttons\"><a href=\"http:\/\/attarsl.com\/es\/contact\/\" class=\"uagb-cta__button-link-wrapper wp-block-button__link\" target=\"_blank\" rel=\"noopener noreferrer\">CONTACTO<\/a><\/div><\/div>\n<\/div><\/div>\n\n\n\n<figure class=\"wp-block-table\"><table class=\"has-fixed-layout\"><tbody><tr><td class=\"has-text-align-center\" data-align=\"center\"><a href=\"http:\/\/attarsl.com\/wp-content\/uploads\/2025\/12\/13213-ATTAR-S.L.-PTG_9001_2015-2025-Nov.pdf\" data-type=\"link\" data-id=\"http:\/\/attarsl.com\/wp-content\/uploads\/2025\/12\/13213-ATTAR-S.L.-PTG_9001_2015-2025-Nov.pdf\"><img decoding=\"async\" width=\"150\" height=\"191\" class=\"wp-image-1783\" style=\"width: 150px;\" src=\"http:\/\/attarsl.com\/wp-content\/uploads\/2025\/12\/13213-ISO-9001numero_COLOR.ai_.png\" alt=\"\" srcset=\"http:\/\/attarsl.com\/wp-content\/uploads\/2025\/12\/13213-ISO-9001numero_COLOR.ai_.png 504w, http:\/\/attarsl.com\/wp-content\/uploads\/2025\/12\/13213-ISO-9001numero_COLOR.ai_-236x300.png 236w, http:\/\/attarsl.com\/wp-content\/uploads\/2025\/12\/13213-ISO-9001numero_COLOR.ai_-9x12.png 9w\" sizes=\"(max-width: 150px) 100vw, 150px\" \/><\/a><\/td><td class=\"has-text-align-center\" data-align=\"center\"><a href=\"http:\/\/attarsl.com\/wp-content\/uploads\/2025\/12\/13213-ATTAR-S.L.-PTG_14001_2015-2025-Nov.pdf\" data-type=\"link\" data-id=\"http:\/\/attarsl.com\/wp-content\/uploads\/2025\/12\/13213-ATTAR-S.L.-PTG_14001_2015-2025-Nov.pdf\"><img decoding=\"async\" width=\"150\" height=\"191\" class=\"wp-image-1786\" style=\"width: 150px;\" src=\"http:\/\/attarsl.com\/wp-content\/uploads\/2025\/12\/13213-ISO14001numero_COLOR.ai_.png\" alt=\"\" srcset=\"http:\/\/attarsl.com\/wp-content\/uploads\/2025\/12\/13213-ISO14001numero_COLOR.ai_.png 504w, http:\/\/attarsl.com\/wp-content\/uploads\/2025\/12\/13213-ISO14001numero_COLOR.ai_-236x300.png 236w, http:\/\/attarsl.com\/wp-content\/uploads\/2025\/12\/13213-ISO14001numero_COLOR.ai_-9x12.png 9w\" sizes=\"(max-width: 150px) 100vw, 150px\" \/><\/a><\/td><td class=\"has-text-align-center\" data-align=\"center\"><a href=\"http:\/\/attarsl.com\/wp-content\/uploads\/2025\/12\/13213-ATTAR-S.L.-45001_2018-2025-Nov.pdf\"><img decoding=\"async\" width=\"150\" height=\"191\" class=\"wp-image-1787\" style=\"width: 150px;\" src=\"http:\/\/attarsl.com\/wp-content\/uploads\/2025\/12\/13213-ISO-45001-numero-Color.ai_.png\" alt=\"\" srcset=\"http:\/\/attarsl.com\/wp-content\/uploads\/2025\/12\/13213-ISO-45001-numero-Color.ai_.png 504w, http:\/\/attarsl.com\/wp-content\/uploads\/2025\/12\/13213-ISO-45001-numero-Color.ai_-236x300.png 236w, http:\/\/attarsl.com\/wp-content\/uploads\/2025\/12\/13213-ISO-45001-numero-Color.ai_-9x12.png 9w\" sizes=\"(max-width: 150px) 100vw, 150px\" \/><\/a><\/td><\/tr><\/tbody><\/table><\/figure>\n\n\n\n<p><\/p>","protected":false},"excerpt":{"rendered":"","protected":false},"author":1,"featured_media":0,"parent":0,"menu_order":0,"comment_status":"closed","ping_status":"closed","template":"","meta":{"_uag_custom_page_level_css":"","site-sidebar-layout":"no-sidebar","site-content-layout":"plain-container","ast-site-content-layout":"normal-width-container","site-content-style":"unboxed","site-sidebar-style":"unboxed","ast-global-header-display":"","ast-banner-title-visibility":"","ast-main-header-display":"","ast-hfb-above-header-display":"","ast-hfb-below-header-display":"","ast-hfb-mobile-header-display":"","site-post-title":"disabled","ast-breadcrumbs-content":"","ast-featured-img":"disabled","footer-sml-layout":"","ast-disable-related-posts":"","theme-transparent-header-meta":"enabled","adv-header-id-meta":"","stick-header-meta":"","header-above-stick-meta":"","header-main-stick-meta":"","header-below-stick-meta":"","astra-migrate-meta-layouts":"set","ast-page-background-enabled":"default","ast-page-background-meta":{"desktop":{"background-color":"","background-image":"","background-repeat":"repeat","background-position":"center center","background-size":"auto","background-attachment":"scroll","background-type":"","background-media":"","overlay-type":"","overlay-color":"","overlay-opacity":"","overlay-gradient":""},"tablet":{"background-color":"","background-image":"","background-repeat":"repeat","background-position":"center center","background-size":"auto","background-attachment":"scroll","background-type":"","background-media":"","overlay-type":"","overlay-color":"","overlay-opacity":"","overlay-gradient":""},"mobile":{"background-color":"","background-image":"","background-repeat":"repeat","background-position":"center center","background-size":"auto","background-attachment":"scroll","background-type":"","background-media":"","overlay-type":"","overlay-color":"","overlay-opacity":"","overlay-gradient":""}},"ast-content-background-meta":{"desktop":{"background-color":"var(--ast-global-color-5)","background-image":"","background-repeat":"repeat","background-position":"center center","background-size":"auto","background-attachment":"scroll","background-type":"","background-media":"","overlay-type":"","overlay-color":"","overlay-opacity":"","overlay-gradient":""},"tablet":{"background-color":"var(--ast-global-color-5)","background-image":"","background-repeat":"repeat","background-position":"center center","background-size":"auto","background-attachment":"scroll","background-type":"","background-media":"","overlay-type":"","overlay-color":"","overlay-opacity":"","overlay-gradient":""},"mobile":{"background-color":"var(--ast-global-color-5)","background-image":"","background-repeat":"repeat","background-position":"center center","background-size":"auto","background-attachment":"scroll","background-type":"","background-media":"","overlay-type":"","overlay-color":"","overlay-opacity":"","overlay-gradient":""}},"footnotes":""},"class_list":["post-1317","page","type-page","status-publish","hentry"],"uagb_featured_image_src":{"full":false,"thumbnail":false,"medium":false,"medium_large":false,"large":false,"1536x1536":false,"2048x2048":false,"trp-custom-language-flag":false},"uagb_author_info":{"display_name":"ATTARA_Admin","author_link":"http:\/\/attarsl.com\/es\/author\/attara_admin\/"},"uagb_comment_info":0,"uagb_excerpt":null,"_links":{"self":[{"href":"http:\/\/attarsl.com\/es\/wp-json\/wp\/v2\/pages\/1317","targetHints":{"allow":["GET"]}}],"collection":[{"href":"http:\/\/attarsl.com\/es\/wp-json\/wp\/v2\/pages"}],"about":[{"href":"http:\/\/attarsl.com\/es\/wp-json\/wp\/v2\/types\/page"}],"author":[{"embeddable":true,"href":"http:\/\/attarsl.com\/es\/wp-json\/wp\/v2\/users\/1"}],"replies":[{"embeddable":true,"href":"http:\/\/attarsl.com\/es\/wp-json\/wp\/v2\/comments?post=1317"}],"version-history":[{"count":22,"href":"http:\/\/attarsl.com\/es\/wp-json\/wp\/v2\/pages\/1317\/revisions"}],"predecessor-version":[{"id":1794,"href":"http:\/\/attarsl.com\/es\/wp-json\/wp\/v2\/pages\/1317\/revisions\/1794"}],"wp:attachment":[{"href":"http:\/\/attarsl.com\/es\/wp-json\/wp\/v2\/media?parent=1317"}],"curies":[{"name":"wp","href":"https:\/\/api.w.org\/{rel}","templated":true}]}}