{"id":1318,"date":"2024-10-22T15:03:52","date_gmt":"2024-10-22T15:03:52","guid":{"rendered":"http:\/\/attarsl.com\/about\/"},"modified":"2025-02-18T22:02:29","modified_gmt":"2025-02-18T22:02:29","slug":"about","status":"publish","type":"page","link":"http:\/\/attarsl.com\/es\/about\/","title":{"rendered":"About"},"content":{"rendered":"<div class=\"wp-block-uagb-container uagb-block-ea8750ae alignfull uagb-is-root-container\"><div class=\"uagb-container-inner-blocks-wrap\">\n<div class=\"wp-block-uagb-advanced-heading uagb-block-5d0596af\"><h1 class=\"uagb-heading-text\">Sobre Nosotros<\/h1><\/div>\n<\/div><\/div>\n\n\n\n<div class=\"wp-block-uagb-container uagb-layout-grid uagb-block-32e874b4 alignfull uagb-is-root-container\"><div class=\"uagb-container-inner-blocks-wrap\">\n<div class=\"wp-block-uagb-info-box uagb-block-fbae65f3 uagb-infobox__content-wrap  uagb-infobox-icon-above-title uagb-infobox-image-valign-top\"><div class=\"uagb-ifb-content\"><div class=\"uagb-ifb-title-wrap\"><h5 class=\"uagb-ifb-title-prefix\">Soluciones de Alta Calidad<\/h5><h2 class=\"uagb-ifb-title\">Abordamos los principales desaf\u00edos de la industria, con un equipo cualificado y ofreciendo soluciones de ingenier\u00eda especializadas.<\/h2><\/div><\/div><\/div>\n\n\n\n<div class=\"wp-block-uagb-info-box uagb-block-54f3395c uagb-infobox__content-wrap  uagb-infobox-icon-above-title uagb-infobox-image-valign-top\"><div class=\"uagb-ifb-content\"><div class=\"uagb-ifb-title-wrap\"><h3 class=\"uagb-ifb-title translation-block\">Proporcionamos servicios de ingenier\u00eda y construcci\u00f3n reconocidos por su excelencia y precisi\u00f3n, centr\u00e1ndonos en proyectos donde la atenci\u00f3n al detalle y la eficiencia son fundamentales.<\/h3><\/div><p class=\"uagb-ifb-desc\">Nuestra empresa se define por su capacidad para cerrar la brecha de habilidades en el mercado, ofreciendo soluciones innovadoras y fiables basadas en a\u00f1os de experiencia. A trav\u00e9s de un enfoque colaborativo, garantizamos el \u00e9xito en cada proyecto que emprendemos.<\/p><\/div><\/div>\n<\/div><\/div>\n\n\n\n<div class=\"wp-block-uagb-container uagb-block-6be40f00 alignfull uagb-is-root-container\"><div class=\"uagb-container-inner-blocks-wrap\">\n<div class=\"wp-block-uagb-container uagb-layout-grid uagb-block-f4b0440c\">\n<div class=\"wp-block-uagb-info-box uagb-block-e7c5835b uagb-infobox__content-wrap  uagb-infobox-icon-above-title uagb-infobox-image-valign-top\"><div class=\"uagb-ifb-content\"><div class=\"uagb-ifb-title-wrap\"><h5 class=\"uagb-ifb-title-prefix\">Aspectos Clave que Definen Nuestra Experiencia e Impacto. <\/h5><h2 class=\"uagb-ifb-title\">Los N\u00fameros Hablan por S\u00ed Mismos<\/h2><\/div><\/div><\/div>\n\n\n\n<div class=\"wp-block-uagb-counter uagb-block-24a0b4ad wp-block-uagb-counter--number\"><div class=\"wp-block-uagb-counter__number\"><span class=\"uagb-counter-block-number\" data-duration=\"2\" data-to-value=\"50\" data-from-value=\"0\" data-delimiter=\",\"><\/span><\/div><div class=\"wp-block-uagb-counter__title\">A\u00f1os de Experiencia<\/div><\/div>\n\n\n\n<div class=\"wp-block-uagb-counter uagb-block-14824e59 wp-block-uagb-counter--number\"><div class=\"wp-block-uagb-counter__number\"><span class=\"uagb-counter-block-number\" data-duration=\"2\" data-to-value=\"60\" data-from-value=\"0\" data-delimiter=\",\"><\/span><\/div><div class=\"wp-block-uagb-counter__title\">N\u00ba de Proyectos<\/div><\/div>\n\n\n\n<div class=\"wp-block-uagb-counter uagb-block-604bbe6f wp-block-uagb-counter--number\"><div class=\"wp-block-uagb-counter__number\"><span class=\"uagb-counter-block-number\" data-duration=\"2\" data-to-value=\"5\" data-from-value=\"0\" data-delimiter=\",\"><\/span><\/div><div class=\"wp-block-uagb-counter__title\">Continentes<\/div><\/div>\n<\/div>\n<\/div><\/div>\n\n\n\n<div class=\"wp-block-group alignfull uag-hide-desktop is-content-justification-center is-nowrap is-layout-flex wp-container-core-group-is-layout-ff976b70 wp-block-group-is-layout-flex\"><\/div>\n\n\n\n<div class=\"wp-block-columns alignwide is-not-stacked-on-mobile is-layout-flex wp-container-core-columns-is-layout-28f84493 wp-block-columns-is-layout-flex\">\n<div class=\"wp-block-column is-layout-flow wp-block-column-is-layout-flow\" style=\"flex-basis:33.34%\">\n<div class=\"wp-block-group is-layout-flex wp-block-group-is-layout-flex\">\n<div class=\"wp-block-uagb-team uagb-team__image-position-above uagb-team__align-center uagb-team__stack-tablet uagb-block-99733a6d\"><div class=\"uagb-team__content\"><img loading=\"lazy\" decoding=\"async\" class=\"uagb-team__image-crop-circle\" src=\"http:\/\/attarsl.com\/wp-content\/uploads\/2024\/11\/1-1-150x150.png\" alt=\"\" height=\"190\" width=\"190\"\/><h3 class=\"uagb-team__title\">Ruth Pomatta De Tom\u00e1s<\/h3><span class=\"uagb-team__prefix\">General Manager<\/span><p class=\"uagb-team__desc\">Responsable de definir y dirigir la estrategia global de la organizaci\u00f3n. Colabora estrechamente con el equipo ejecutivo para impulsar el crecimiento, la innovaci\u00f3n y la sostenibilidad a largo plazo. Su liderazgo y visi\u00f3n son fundamentales para el \u00e9xito y la prosperidad continuos de nuestra empresa.<\/p><ul class=\"uagb-team__social-list\"><li class=\"uagb-team__social-icon\"><a href=\"https:\/\/www.linkedin.com\/in\/ruth-pomatta-17aa116?lipi=urn%3Ali%3Apage%3Ad_flagship3_profile_view_base_contact_details%3B9Y8iYn%2BMSNanIDSLZiS%2BUg%3D%3D\" aria-label=\"linkedin\" target=\"_self\" title=\"\" rel=\"noopener noreferrer\"><svg xmlns=\"https:\/\/www.w3.org\/2000\/svg\" viewbox=\"0 0 448 512\"><path d=\"M416 32H31.9C14.3 32 0 46.5 0 64.3v383.4C0 465.5 14.3 480 31.9 480H416c17.6 0 32-14.5 32-32.3V64.3c0-17.8-14.4-32.3-32-32.3zM135.4 416H69V202.2h66.5V416zm-33.2-243c-21.3 0-38.5-17.3-38.5-38.5S80.9 96 102.2 96c21.2 0 38.5 17.3 38.5 38.5 0 21.3-17.2 38.5-38.5 38.5zm282.1 243h-66.4V312c0-24.8-.5-56.7-34.5-56.7-34.6 0-39.9 27-39.9 54.9V416h-66.4V202.2h63.7v29.2h.9c8.9-16.8 30.6-34.5 62.9-34.5 67.2 0 79.7 44.3 79.7 101.9V416z\"><\/path><\/svg><\/a><\/li><\/ul><\/div><\/div>\n<\/div>\n<\/div>\n\n\n\n<div class=\"wp-block-column is-layout-flow wp-block-column-is-layout-flow\" style=\"flex-basis:33.34%\">\n<div class=\"wp-block-uagb-team uagb-team__image-position-above uagb-team__align-center uagb-team__stack-tablet uagb-block-a4e1266c\"><div class=\"uagb-team__content\"><img loading=\"lazy\" decoding=\"async\" class=\"uagb-team__image-crop-circle\" src=\"http:\/\/attarsl.com\/wp-content\/uploads\/2024\/11\/3-1-150x150.png\" alt=\"\" height=\"190\" width=\"190\"\/><h3 class=\"uagb-team__title\">Fernando Rubira Rold\u00e1n<\/h3><span class=\"uagb-team__prefix\">Chief Operating<\/span><p class=\"uagb-team__desc\">Responsable de supervisar las operaciones diarias, optimizando los procesos para mejorar la eficiencia, la seguridad y la productividad. Gestor de recursos, control de calidad y promover la mejora continua. Su liderazgo es fundamental para el \u00e9xito y la competitividad de nuestra empresa.<\/p><ul class=\"uagb-team__social-list\"><li class=\"uagb-team__social-icon\"><a href=\"https:\/\/www.linkedin.com\/in\/fernando-rubira-rold%C3%A1n-52451975?lipi=urn%3Ali%3Apage%3Ad_flagship3_profile_view_base_contact_details%3BNey0oDMaSPW%2BokllSBkjaw%3D%3D\" aria-label=\"linkedin\" target=\"_self\" title=\"\" rel=\"noopener noreferrer\"><svg xmlns=\"https:\/\/www.w3.org\/2000\/svg\" viewbox=\"0 0 448 512\"><path d=\"M416 32H31.9C14.3 32 0 46.5 0 64.3v383.4C0 465.5 14.3 480 31.9 480H416c17.6 0 32-14.5 32-32.3V64.3c0-17.8-14.4-32.3-32-32.3zM135.4 416H69V202.2h66.5V416zm-33.2-243c-21.3 0-38.5-17.3-38.5-38.5S80.9 96 102.2 96c21.2 0 38.5 17.3 38.5 38.5 0 21.3-17.2 38.5-38.5 38.5zm282.1 243h-66.4V312c0-24.8-.5-56.7-34.5-56.7-34.6 0-39.9 27-39.9 54.9V416h-66.4V202.2h63.7v29.2h.9c8.9-16.8 30.6-34.5 62.9-34.5 67.2 0 79.7 44.3 79.7 101.9V416z\"><\/path><\/svg><\/a><\/li><\/ul><\/div><\/div>\n<\/div>\n\n\n\n<div class=\"wp-block-column is-layout-flow wp-block-column-is-layout-flow\" style=\"flex-basis:33.33%\">\n<div class=\"wp-block-uagb-team uagb-team__image-position-above uagb-team__align-center uagb-team__stack-tablet uagb-block-dc8773b3\"><div class=\"uagb-team__content\"><img loading=\"lazy\" decoding=\"async\" class=\"uagb-team__image-crop-circle\" src=\"http:\/\/attarsl.com\/wp-content\/uploads\/2024\/11\/2-1-150x150.png\" alt=\"\" height=\"190\" width=\"190\"\/><h3 class=\"uagb-team__title\">Jaime de Marco Mendivil<\/h3><span class=\"uagb-team__prefix\">Chief Engineering<\/span><p class=\"uagb-team__desc\">Responsable de liderar y supervisar todos los aspectos t\u00e9cnicos de nuestros proyectos de ingenier\u00eda, desde la planificaci\u00f3n hasta la ejecuci\u00f3n, asegurando la calidad, la seguridad y la eficiencia. Coordina equipos, gestiona recursos y presupuestos, y garantiza el cumplimiento de los plazos establecidos.<\/p><ul class=\"uagb-team__social-list\"><li class=\"uagb-team__social-icon\"><a href=\"https:\/\/www.linkedin.com\/in\/jaime-de-marco?lipi=urn%3Ali%3Apage%3Ad_flagship3_profile_view_base_contact_details%3ByOxfKYbgSZCSqt70RJiIhw%3D%3D\" aria-label=\"linkedin\" target=\"_self\" title=\"\" rel=\"noopener noreferrer\"><svg xmlns=\"https:\/\/www.w3.org\/2000\/svg\" viewbox=\"0 0 448 512\"><path d=\"M416 32H31.9C14.3 32 0 46.5 0 64.3v383.4C0 465.5 14.3 480 31.9 480H416c17.6 0 32-14.5 32-32.3V64.3c0-17.8-14.4-32.3-32-32.3zM135.4 416H69V202.2h66.5V416zm-33.2-243c-21.3 0-38.5-17.3-38.5-38.5S80.9 96 102.2 96c21.2 0 38.5 17.3 38.5 38.5 0 21.3-17.2 38.5-38.5 38.5zm282.1 243h-66.4V312c0-24.8-.5-56.7-34.5-56.7-34.6 0-39.9 27-39.9 54.9V416h-66.4V202.2h63.7v29.2h.9c8.9-16.8 30.6-34.5 62.9-34.5 67.2 0 79.7 44.3 79.7 101.9V416z\"><\/path><\/svg><\/a><\/li><\/ul><\/div><\/div>\n<\/div>\n<\/div>\n\n\n\n<div class=\"wp-block-columns is-layout-flex wp-container-core-columns-is-layout-28f84493 wp-block-columns-is-layout-flex\">\n<div class=\"wp-block-column is-layout-flow wp-block-column-is-layout-flow\" style=\"flex-basis:50%\">\n<div class=\"wp-block-uagb-image uagb-block-bdbc2c0e wp-block-uagb-image--layout-default wp-block-uagb-image--effect-static wp-block-uagb-image--align-none\"><figure class=\"wp-block-uagb-image__figure\"><img loading=\"lazy\" decoding=\"async\" srcset=\"http:\/\/attarsl.com\/wp-content\/uploads\/2024\/11\/mapa--1024x576.png ,http:\/\/attarsl.com\/wp-content\/uploads\/2024\/11\/mapa-.png 780w, http:\/\/attarsl.com\/wp-content\/uploads\/2024\/11\/mapa-.png 360w\" sizes=\"auto, (max-width: 480px) 150px\" src=\"http:\/\/attarsl.com\/wp-content\/uploads\/2024\/11\/mapa--1024x576.png\" alt=\"\" class=\"uag-image-1454\" width=\"957\" height=\"538\" title=\"mapa\" role=\"img\"\/><\/figure><\/div>\n<\/div>\n\n\n\n<div class=\"wp-block-column is-layout-flow wp-block-column-is-layout-flow\" style=\"flex-basis:50%\">\n<div class=\"wp-block-uagb-info-box uagb-block-f218ba4b uagb-infobox__content-wrap  uagb-infobox-icon-above-title uagb-infobox-image-valign-top\"><div class=\"uagb-ifb-content\"><div class=\"uagb-ifb-title-wrap\"><h3 class=\"uagb-ifb-title\">M\u00e1s de 15 a\u00f1os de experiencia trabajando en todo el mundo.<\/h3><\/div><p class=\"uagb-ifb-desc\">- Europa <br>- Norte Am\u00e9rica <br>- Sudam\u00e9rica <br>- Australia<br>- \u00c1frica <br>- Asia<br><\/p><\/div><\/div>\n<\/div>\n<\/div>\n\n\n\n<div class=\"wp-block-uagb-container uagb-layout-flex uagb-block-af5df69f alignfull uagb-is-root-container\"><div class=\"uagb-container-inner-blocks-wrap\">\n<div class=\"wp-block-uagb-call-to-action uagb-block-d83192c0 wp-block-button\"><div class=\"uagb-cta__wrap\"><h3 class=\"uagb-cta__title\">\u00bfNecesitas ayuda con soluciones industriales m\u00e1s eficientes? \u00a1Somos expertos!<\/h3><p class=\"uagb-cta__desc\">Click here to change this text. Lorem ipsum dolor sit amet, consectetur adipiscing elit. Ut elit tellus, luctus nec ullamcorper mattis, pulvinar dapibus leo.<\/p><\/div><div class=\"uagb-cta__buttons\"><a href=\"http:\/\/attarsl.com\/es\/contact\/\" class=\"uagb-cta__button-link-wrapper wp-block-button__link\" target=\"_blank\" rel=\"noopener noreferrer\">+ INFORMACI\u00d3N<\/a><\/div><\/div>\n<\/div><\/div>\n\n\n\n<p><\/p>","protected":false},"excerpt":{"rendered":"<p>Sobre Nosotros<\/p>","protected":false},"author":1,"featured_media":0,"parent":0,"menu_order":0,"comment_status":"closed","ping_status":"closed","template":"","meta":{"_uag_custom_page_level_css":"","site-sidebar-layout":"no-sidebar","site-content-layout":"plain-container","ast-site-content-layout":"normal-width-container","site-content-style":"unboxed","site-sidebar-style":"unboxed","ast-global-header-display":"","ast-banner-title-visibility":"","ast-main-header-display":"","ast-hfb-above-header-display":"","ast-hfb-below-header-display":"","ast-hfb-mobile-header-display":"","site-post-title":"disabled","ast-breadcrumbs-content":"","ast-featured-img":"disabled","footer-sml-layout":"","ast-disable-related-posts":"","theme-transparent-header-meta":"enabled","adv-header-id-meta":"","stick-header-meta":"","header-above-stick-meta":"","header-main-stick-meta":"","header-below-stick-meta":"","astra-migrate-meta-layouts":"set","ast-page-background-enabled":"default","ast-page-background-meta":{"desktop":{"background-color":"","background-image":"","background-repeat":"repeat","background-position":"center center","background-size":"auto","background-attachment":"scroll","background-type":"","background-media":"","overlay-type":"","overlay-color":"","overlay-opacity":"","overlay-gradient":""},"tablet":{"background-color":"","background-image":"","background-repeat":"repeat","background-position":"center center","background-size":"auto","background-attachment":"scroll","background-type":"","background-media":"","overlay-type":"","overlay-color":"","overlay-opacity":"","overlay-gradient":""},"mobile":{"background-color":"","background-image":"","background-repeat":"repeat","background-position":"center center","background-size":"auto","background-attachment":"scroll","background-type":"","background-media":"","overlay-type":"","overlay-color":"","overlay-opacity":"","overlay-gradient":""}},"ast-content-background-meta":{"desktop":{"background-color":"var(--ast-global-color-5)","background-image":"","background-repeat":"repeat","background-position":"center center","background-size":"auto","background-attachment":"scroll","background-type":"","background-media":"","overlay-type":"","overlay-color":"","overlay-opacity":"","overlay-gradient":""},"tablet":{"background-color":"var(--ast-global-color-5)","background-image":"","background-repeat":"repeat","background-position":"center center","background-size":"auto","background-attachment":"scroll","background-type":"","background-media":"","overlay-type":"","overlay-color":"","overlay-opacity":"","overlay-gradient":""},"mobile":{"background-color":"var(--ast-global-color-5)","background-image":"","background-repeat":"repeat","background-position":"center center","background-size":"auto","background-attachment":"scroll","background-type":"","background-media":"","overlay-type":"","overlay-color":"","overlay-opacity":"","overlay-gradient":""}},"footnotes":""},"class_list":["post-1318","page","type-page","status-publish","hentry"],"uagb_featured_image_src":{"full":false,"thumbnail":false,"medium":false,"medium_large":false,"large":false,"1536x1536":false,"2048x2048":false,"trp-custom-language-flag":false},"uagb_author_info":{"display_name":"ATTARA_Admin","author_link":"http:\/\/attarsl.com\/es\/author\/attara_admin\/"},"uagb_comment_info":0,"uagb_excerpt":"About Us","_links":{"self":[{"href":"http:\/\/attarsl.com\/es\/wp-json\/wp\/v2\/pages\/1318","targetHints":{"allow":["GET"]}}],"collection":[{"href":"http:\/\/attarsl.com\/es\/wp-json\/wp\/v2\/pages"}],"about":[{"href":"http:\/\/attarsl.com\/es\/wp-json\/wp\/v2\/types\/page"}],"author":[{"embeddable":true,"href":"http:\/\/attarsl.com\/es\/wp-json\/wp\/v2\/users\/1"}],"replies":[{"embeddable":true,"href":"http:\/\/attarsl.com\/es\/wp-json\/wp\/v2\/comments?post=1318"}],"version-history":[{"count":29,"href":"http:\/\/attarsl.com\/es\/wp-json\/wp\/v2\/pages\/1318\/revisions"}],"predecessor-version":[{"id":1524,"href":"http:\/\/attarsl.com\/es\/wp-json\/wp\/v2\/pages\/1318\/revisions\/1524"}],"wp:attachment":[{"href":"http:\/\/attarsl.com\/es\/wp-json\/wp\/v2\/media?parent=1318"}],"curies":[{"name":"wp","href":"https:\/\/api.w.org\/{rel}","templated":true}]}}