{"id":1319,"date":"2024-10-22T15:03:52","date_gmt":"2024-10-22T15:03:52","guid":{"rendered":"http:\/\/attarsl.com\/products\/"},"modified":"2025-01-21T19:23:42","modified_gmt":"2025-01-21T19:23:42","slug":"products","status":"publish","type":"page","link":"http:\/\/attarsl.com\/es\/products\/","title":{"rendered":"Servicios"},"content":{"rendered":"<div class=\"wp-block-uagb-container uagb-block-61b7f5e0 alignfull uagb-is-root-container\"><div class=\"uagb-container-inner-blocks-wrap\">\n<div class=\"wp-block-uagb-advanced-heading uagb-block-8114b16d\"><h1 class=\"uagb-heading-text\">Servicios<\/h1><\/div>\n<\/div><\/div>\n\n\n\n<div class=\"wp-block-uagb-container uagb-layout-grid uagb-block-489a6aba alignfull uagb-is-root-container\"><div class=\"uagb-container-inner-blocks-wrap\">\n<div class=\"wp-block-uagb-info-box uagb-block-6c5ef147 uagb-infobox__content-wrap  uagb-infobox-icon-above-title uagb-infobox-image-valign-top\"><div class=\"uagb-ifb-content\"><div class=\"uagb-ifb-title-wrap\"><h5 class=\"uagb-ifb-title-prefix\">Soluciones Optimizadas y Preparadas para el sector Industrial<\/h5><h2 class=\"uagb-ifb-title\">Nuestras Capacidades y Servicios<\/h2><\/div><p class=\"uagb-ifb-desc\">En Attar, nos comprometemos a reducir la falta de habilidades en el mercado, proporcionando soluciones innovadoras y confiables. <br><br>Nuestra amplia experiencia, junto con un enfoque colaborativo, nos permite garantizar el \u00e9xito de cada proyecto que asumimos.<\/p><\/div><\/div>\n\n\n\n<div class=\"wp-block-uagb-image uagb-block-964a3df0 wp-block-uagb-image--layout-default wp-block-uagb-image--effect-static wp-block-uagb-image--align-none\"><figure class=\"wp-block-uagb-image__figure\"><img loading=\"lazy\" decoding=\"async\" srcset=\"http:\/\/attarsl.com\/wp-content\/uploads\/2024\/11\/1-3-576x1024.png ,http:\/\/attarsl.com\/wp-content\/uploads\/2024\/11\/1-3.png 780w, http:\/\/attarsl.com\/wp-content\/uploads\/2024\/11\/1-3.png 360w\" sizes=\"auto, (max-width: 480px) 150px\" src=\"http:\/\/attarsl.com\/wp-content\/uploads\/2024\/11\/1-3-576x1024.png\" alt=\"\" class=\"uag-image-1412\" width=\"285\" height=\"475\" title=\"1\" role=\"img\"\/><\/figure><\/div>\n\n\n\n<div class=\"wp-block-uagb-image uagb-block-a8629531 wp-block-uagb-image--layout-default wp-block-uagb-image--effect-static wp-block-uagb-image--align-none\"><figure class=\"wp-block-uagb-image__figure\"><img loading=\"lazy\" decoding=\"async\" srcset=\"http:\/\/attarsl.com\/wp-content\/uploads\/2024\/11\/3-3-576x1024.png ,http:\/\/attarsl.com\/wp-content\/uploads\/2024\/11\/3-3.png 780w, http:\/\/attarsl.com\/wp-content\/uploads\/2024\/11\/3-3.png 360w\" sizes=\"auto, (max-width: 480px) 150px\" src=\"http:\/\/attarsl.com\/wp-content\/uploads\/2024\/11\/3-3-576x1024.png\" alt=\"\" class=\"uag-image-1415\" width=\"285\" height=\"477\" title=\"3\" role=\"img\"\/><\/figure><\/div>\n<\/div><\/div>\n\n\n\n<div class=\"wp-block-uagb-container uagb-block-485602c2 alignfull uagb-is-root-container\"><div class=\"uagb-container-inner-blocks-wrap\">\n<div class=\"wp-block-uagb-info-box uagb-block-27605b80 uagb-infobox__content-wrap  uagb-infobox-icon-above-title uagb-infobox-image-valign-top wp-block-uagb-info-box--has-margin\"><div class=\"uagb-infobox-margin-wrapper\"><div class=\"uagb-ifb-content\"><div class=\"uagb-ifb-title-wrap\"><h5 class=\"uagb-ifb-title-prefix\">Perfectas soluciones para proyectos desafiantes<\/h5><h2 class=\"uagb-ifb-title\">Nuestros Principales Servicios<\/h2><\/div><\/div><\/div><\/div>\n<\/div><\/div>\n\n\n\n<div class=\"wp-block-uagb-container uagb-layout-grid uagb-block-a754b6db alignfull uagb-is-root-container\"><div class=\"uagb-container-inner-blocks-wrap\">\n<div class=\"wp-block-uagb-info-box uagb-block-7e6477fa uagb-infobox__content-wrap  uagb-infobox-icon-above-title uagb-infobox-image-valign-top\"><div class=\"uagb-ifb-content\"><div class=\"uagb-ifb-title-wrap\"><div class=\"uagb-ifb-separator\"><\/div><h4 class=\"uagb-ifb-title\"><strong>Dise\u00f1o Estructural Avanzado<\/strong><\/h4><\/div><p class=\"uagb-ifb-desc\">Capacidad para desarrollar dise\u00f1os desafiantes y seguros para estructuras complejas y de gran altura.<\/p><\/div><\/div>\n\n\n\n<div class=\"wp-block-uagb-info-box uagb-block-31d43443 uagb-infobox__content-wrap  uagb-infobox-icon-above-title uagb-infobox-image-valign-top\"><div class=\"uagb-ifb-content\"><div class=\"uagb-ifb-title-wrap\"><div class=\"uagb-ifb-separator\"><\/div><h4 class=\"uagb-ifb-title\"><strong>Ingenier\u00eda de Cimentaciones Profundas<\/strong><\/h4><\/div><p class=\"uagb-ifb-desc\">Experiencia en el dise\u00f1o y la construcci\u00f3n de fundaciones capaces de soportar cargas pesadas y condiciones geot\u00e9cnicas desafiantes.<\/p><\/div><\/div>\n\n\n\n<div class=\"wp-block-uagb-info-box uagb-block-8f76c366 uagb-infobox__content-wrap  uagb-infobox-icon-above-title uagb-infobox-image-valign-top\"><div class=\"uagb-ifb-content\"><div class=\"uagb-ifb-title-wrap\"><div class=\"uagb-ifb-separator\"><\/div><h4 class=\"uagb-ifb-title\"><strong>T\u00e9cnicas de Levantamiento y Montaje<\/strong><\/h4><\/div><p class=\"uagb-ifb-desc\">Competencia en m\u00e9todos y tecnolog\u00edas para el izado seguro y montaje de estructuras a grandes alturas.<\/p><\/div><\/div>\n\n\n\n<figure class=\"wp-block-image size-full\"><img fetchpriority=\"high\" decoding=\"async\" width=\"940\" height=\"788\" src=\"http:\/\/attarsl.com\/wp-content\/uploads\/2024\/11\/2-4.png\" alt=\"\" class=\"wp-image-1421\" srcset=\"http:\/\/attarsl.com\/wp-content\/uploads\/2024\/11\/2-4.png 940w, http:\/\/attarsl.com\/wp-content\/uploads\/2024\/11\/2-4-300x251.png 300w, http:\/\/attarsl.com\/wp-content\/uploads\/2024\/11\/2-4-768x644.png 768w\" sizes=\"(max-width: 940px) 100vw, 940px\" \/><\/figure>\n\n\n\n<figure class=\"wp-block-image size-full\"><img decoding=\"async\" width=\"940\" height=\"788\" src=\"http:\/\/attarsl.com\/wp-content\/uploads\/2024\/11\/1-4.png\" alt=\"\" class=\"wp-image-1419\" srcset=\"http:\/\/attarsl.com\/wp-content\/uploads\/2024\/11\/1-4.png 940w, http:\/\/attarsl.com\/wp-content\/uploads\/2024\/11\/1-4-300x251.png 300w, http:\/\/attarsl.com\/wp-content\/uploads\/2024\/11\/1-4-768x644.png 768w\" sizes=\"(max-width: 940px) 100vw, 940px\" \/><\/figure>\n\n\n\n<div class=\"wp-block-uagb-image uagb-block-f6d5177c wp-block-uagb-image--layout-default wp-block-uagb-image--effect-static wp-block-uagb-image--align-none\"><figure class=\"wp-block-uagb-image__figure\"><img loading=\"lazy\" decoding=\"async\" srcset=\"http:\/\/attarsl.com\/wp-content\/uploads\/2024\/11\/grua.png ,http:\/\/attarsl.com\/wp-content\/uploads\/2024\/11\/grua.png 780w, http:\/\/attarsl.com\/wp-content\/uploads\/2024\/11\/grua.png 360w\" sizes=\"auto, (max-width: 480px) 150px\" src=\"http:\/\/attarsl.com\/wp-content\/uploads\/2024\/11\/grua.png\" alt=\"\" class=\"uag-image-1458\" width=\"940\" height=\"788\" title=\"grua\" role=\"img\"\/><\/figure><\/div>\n\n\n\n<div class=\"wp-block-uagb-info-box uagb-block-165c4ed6 uagb-infobox__content-wrap  uagb-infobox-icon-above-title uagb-infobox-image-valign-top wp-block-uagb-info-box--has-margin\"><div class=\"uagb-infobox-margin-wrapper\"><div class=\"uagb-ifb-content\"><div class=\"uagb-ifb-title-wrap\"><div class=\"uagb-ifb-separator\"><\/div><h4 class=\"uagb-ifb-title\"><strong>Gesti\u00f3n de Proyectos Complejos<\/strong><\/h4><\/div><p class=\"uagb-ifb-desc\">Habilidad para gestionar proyectos grandes y complejos, desde la planificaci\u00f3n inicial hasta la entrega final, garantizando el cumplimiento de los plazos y presupuestos.<\/p><\/div><\/div><\/div>\n\n\n\n<div class=\"wp-block-uagb-info-box uagb-block-95ee04dd uagb-infobox__content-wrap  uagb-infobox-icon-above-title uagb-infobox-image-valign-top\"><div class=\"uagb-ifb-content\"><div class=\"uagb-ifb-title-wrap\"><div class=\"uagb-ifb-separator\"><\/div><h4 class=\"uagb-ifb-title\"><strong>Seguridad en Trabajos en Altura<\/strong><\/h4><\/div><p class=\"uagb-ifb-desc\">Amplio conocimiento y aplicaci\u00f3n de las normativas de seguridad espec\u00edficas para trabajos en altura, asegurando un entorno de trabajo seguro para todos los empleados.<\/p><\/div><\/div>\n\n\n\n<div class=\"wp-block-uagb-info-box uagb-block-219e051e uagb-infobox__content-wrap  uagb-infobox-icon-above-title uagb-infobox-image-valign-top\"><div class=\"uagb-ifb-content\"><div class=\"uagb-ifb-title-wrap\"><div class=\"uagb-ifb-separator\"><\/div><h4 class=\"uagb-ifb-title\"><strong>Restauraci\u00f3n y Mantenimiento<\/strong><\/h4><\/div><p class=\"uagb-ifb-desc\">Capacidades en la restauraci\u00f3n y mantenimiento de estructuras hist\u00f3ricas, garantizando su conservaci\u00f3n a largo plazo y la seguridad estructural.<\/p><\/div><\/div>\n\n\n\n<figure class=\"wp-block-image size-full\"><img decoding=\"async\" width=\"940\" height=\"788\" src=\"http:\/\/attarsl.com\/wp-content\/uploads\/2024\/11\/management.png\" alt=\"\" class=\"wp-image-1443\" srcset=\"http:\/\/attarsl.com\/wp-content\/uploads\/2024\/11\/management.png 940w, http:\/\/attarsl.com\/wp-content\/uploads\/2024\/11\/management-300x251.png 300w, http:\/\/attarsl.com\/wp-content\/uploads\/2024\/11\/management-768x644.png 768w\" sizes=\"(max-width: 940px) 100vw, 940px\" \/><\/figure>\n\n\n\n<figure class=\"wp-block-image size-full\"><img loading=\"lazy\" decoding=\"async\" width=\"940\" height=\"788\" src=\"http:\/\/attarsl.com\/wp-content\/uploads\/2024\/11\/rope-aceess.png\" alt=\"\" class=\"wp-image-1442\" srcset=\"http:\/\/attarsl.com\/wp-content\/uploads\/2024\/11\/rope-aceess.png 940w, http:\/\/attarsl.com\/wp-content\/uploads\/2024\/11\/rope-aceess-300x251.png 300w, http:\/\/attarsl.com\/wp-content\/uploads\/2024\/11\/rope-aceess-768x644.png 768w\" sizes=\"(max-width: 940px) 100vw, 940px\" \/><\/figure>\n\n\n\n<div class=\"wp-block-uagb-image uagb-block-d0ead6f7 wp-block-uagb-image--layout-default wp-block-uagb-image--effect-static wp-block-uagb-image--align-none\"><figure class=\"wp-block-uagb-image__figure\"><img loading=\"lazy\" decoding=\"async\" srcset=\"http:\/\/attarsl.com\/wp-content\/uploads\/2024\/11\/image.png ,http:\/\/attarsl.com\/wp-content\/uploads\/2024\/11\/image.png 780w, http:\/\/attarsl.com\/wp-content\/uploads\/2024\/11\/image.png 360w\" sizes=\"auto, (max-width: 480px) 150px\" src=\"http:\/\/attarsl.com\/wp-content\/uploads\/2024\/11\/image.png\" alt=\"\" class=\"uag-image-1440\" width=\"940\" height=\"788\" title=\"image\" role=\"img\"\/><\/figure><\/div>\n<\/div><\/div>\n\n\n\n<div class=\"wp-block-uagb-container uagb-layout-flex uagb-block-af5df69f alignfull uagb-is-root-container\"><div class=\"uagb-container-inner-blocks-wrap\">\n<div class=\"wp-block-uagb-call-to-action uagb-block-d83192c0 wp-block-button\"><div class=\"uagb-cta__wrap\"><h3 class=\"uagb-cta__title\">\u00bfNecesitas ayuda con soluciones industriales m\u00e1s eficientes? \u00a1Somos expertos!<\/h3><p class=\"uagb-cta__desc\">Click here to change this text. Lorem ipsum dolor sit amet, consectetur adipiscing elit. Ut elit tellus, luctus nec ullamcorper mattis, pulvinar dapibus leo.<\/p><\/div><div class=\"uagb-cta__buttons\"><a href=\"http:\/\/attarsl.com\/es\/contact\/\" class=\"uagb-cta__button-link-wrapper wp-block-button__link\" target=\"_blank\" rel=\"noopener noreferrer\">+ INFORMACI\u00d3N<\/a><\/div><\/div>\n<\/div><\/div>\n\n\n\n<p><\/p>","protected":false},"excerpt":{"rendered":"<p>Servicios<\/p>","protected":false},"author":1,"featured_media":0,"parent":0,"menu_order":0,"comment_status":"closed","ping_status":"closed","template":"","meta":{"_uag_custom_page_level_css":"","site-sidebar-layout":"no-sidebar","site-content-layout":"plain-container","ast-site-content-layout":"normal-width-container","site-content-style":"unboxed","site-sidebar-style":"unboxed","ast-global-header-display":"","ast-banner-title-visibility":"","ast-main-header-display":"","ast-hfb-above-header-display":"","ast-hfb-below-header-display":"","ast-hfb-mobile-header-display":"","site-post-title":"disabled","ast-breadcrumbs-content":"","ast-featured-img":"disabled","footer-sml-layout":"","ast-disable-related-posts":"","theme-transparent-header-meta":"enabled","adv-header-id-meta":"","stick-header-meta":"","header-above-stick-meta":"","header-main-stick-meta":"","header-below-stick-meta":"","astra-migrate-meta-layouts":"set","ast-page-background-enabled":"default","ast-page-background-meta":{"desktop":{"background-color":"","background-image":"","background-repeat":"repeat","background-position":"center center","background-size":"auto","background-attachment":"scroll","background-type":"","background-media":"","overlay-type":"","overlay-color":"","overlay-opacity":"","overlay-gradient":""},"tablet":{"background-color":"","background-image":"","background-repeat":"repeat","background-position":"center center","background-size":"auto","background-attachment":"scroll","background-type":"","background-media":"","overlay-type":"","overlay-color":"","overlay-opacity":"","overlay-gradient":""},"mobile":{"background-color":"","background-image":"","background-repeat":"repeat","background-position":"center center","background-size":"auto","background-attachment":"scroll","background-type":"","background-media":"","overlay-type":"","overlay-color":"","overlay-opacity":"","overlay-gradient":""}},"ast-content-background-meta":{"desktop":{"background-color":"var(--ast-global-color-5)","background-image":"","background-repeat":"repeat","background-position":"center center","background-size":"auto","background-attachment":"scroll","background-type":"","background-media":"","overlay-type":"","overlay-color":"","overlay-opacity":"","overlay-gradient":""},"tablet":{"background-color":"var(--ast-global-color-5)","background-image":"","background-repeat":"repeat","background-position":"center center","background-size":"auto","background-attachment":"scroll","background-type":"","background-media":"","overlay-type":"","overlay-color":"","overlay-opacity":"","overlay-gradient":""},"mobile":{"background-color":"var(--ast-global-color-5)","background-image":"","background-repeat":"repeat","background-position":"center center","background-size":"auto","background-attachment":"scroll","background-type":"","background-media":"","overlay-type":"","overlay-color":"","overlay-opacity":"","overlay-gradient":""}},"footnotes":""},"class_list":["post-1319","page","type-page","status-publish","hentry"],"uagb_featured_image_src":{"full":false,"thumbnail":false,"medium":false,"medium_large":false,"large":false,"1536x1536":false,"2048x2048":false,"trp-custom-language-flag":false},"uagb_author_info":{"display_name":"ATTARA_Admin","author_link":"http:\/\/attarsl.com\/es\/author\/attara_admin\/"},"uagb_comment_info":0,"uagb_excerpt":"Services","_links":{"self":[{"href":"http:\/\/attarsl.com\/es\/wp-json\/wp\/v2\/pages\/1319","targetHints":{"allow":["GET"]}}],"collection":[{"href":"http:\/\/attarsl.com\/es\/wp-json\/wp\/v2\/pages"}],"about":[{"href":"http:\/\/attarsl.com\/es\/wp-json\/wp\/v2\/types\/page"}],"author":[{"embeddable":true,"href":"http:\/\/attarsl.com\/es\/wp-json\/wp\/v2\/users\/1"}],"replies":[{"embeddable":true,"href":"http:\/\/attarsl.com\/es\/wp-json\/wp\/v2\/comments?post=1319"}],"version-history":[{"count":22,"href":"http:\/\/attarsl.com\/es\/wp-json\/wp\/v2\/pages\/1319\/revisions"}],"predecessor-version":[{"id":1567,"href":"http:\/\/attarsl.com\/es\/wp-json\/wp\/v2\/pages\/1319\/revisions\/1567"}],"wp:attachment":[{"href":"http:\/\/attarsl.com\/es\/wp-json\/wp\/v2\/media?parent=1319"}],"curies":[{"name":"wp","href":"https:\/\/api.w.org\/{rel}","templated":true}]}}